{"id":4304,"date":"2024-12-23T14:57:19","date_gmt":"2024-12-23T13:57:19","guid":{"rendered":"https:\/\/sk.gigroup.com\/ponuky-prace\/"},"modified":"2026-01-12T11:25:04","modified_gmt":"2026-01-12T10:25:04","slug":"job-offers","status":"publish","type":"page","link":"https:\/\/sk.gigroup.com\/en\/job-offers\/","title":{"rendered":"Job offers"},"content":{"rendered":"","protected":false},"excerpt":{"rendered":"","protected":false},"author":1,"featured_media":4066,"parent":0,"menu_order":0,"comment_status":"closed","ping_status":"closed","template":"","meta":{"footnotes":""},"class_list":["post-4304","page","type-page","status-publish","has-post-thumbnail","hentry"],"yoast_head":"<!-- This site is optimized with the Yoast SEO Premium plugin v27.4 (Yoast SEO v27.4) - https:\/\/yoast.com\/product\/yoast-seo-premium-wordpress\/ -->\n<title>Search our Open Job Offers - Gi Group Slovakia<\/title>\n<meta name=\"description\" content=\"What\u2019s your next career move? Browse our job listings across multiple industries and find the opportunity that fits your skills and ambitions. Let\u2019s help you shape your next chapter.\" \/>\n<meta name=\"robots\" content=\"index, follow, max-snippet:-1, max-image-preview:large, max-video-preview:-1\" \/>\n<link rel=\"canonical\" href=\"https:\/\/sk.gigroup.com\/ponuky-prace\/\" \/>\n<meta property=\"og:locale\" content=\"en_GB\" \/>\n<meta property=\"og:type\" content=\"article\" \/>\n<meta property=\"og:title\" content=\"Job offers\" \/>\n<meta property=\"og:description\" content=\"What\u2019s your next career move? Browse our job listings across multiple industries and find the opportunity that fits your skills and ambitions. Let\u2019s help you shape your next chapter.\" \/>\n<meta property=\"og:url\" content=\"https:\/\/sk.gigroup.com\/ponuky-prace\/\" \/>\n<meta property=\"og:site_name\" content=\"Gi Group Slovakia\" \/>\n<meta property=\"article:modified_time\" content=\"2026-01-12T10:25:04+00:00\" \/>\n<meta property=\"og:image\" content=\"https:\/\/sk.gigroup.com\/wp-content\/uploads\/sites\/23\/gi-group-logo-696x696-1.jpg\" \/>\n\t<meta property=\"og:image:width\" content=\"696\" \/>\n\t<meta property=\"og:image:height\" content=\"696\" \/>\n\t<meta property=\"og:image:type\" content=\"image\/jpeg\" \/>\n<meta name=\"twitter:card\" content=\"summary_large_image\" \/>\n<script type=\"application\/ld+json\" class=\"yoast-schema-graph\">{\"@context\":\"https:\\\/\\\/schema.org\",\"@graph\":[{\"@type\":\"WebPage\",\"@id\":\"https:\\\/\\\/sk.gigroup.com\\\/ponuky-prace\\\/\",\"url\":\"https:\\\/\\\/sk.gigroup.com\\\/ponuky-prace\\\/\",\"name\":\"Search our Open Job Offers - Gi Group Slovakia\",\"isPartOf\":{\"@id\":\"https:\\\/\\\/sk.gigroup.com\\\/#website\"},\"primaryImageOfPage\":{\"@id\":\"https:\\\/\\\/sk.gigroup.com\\\/ponuky-prace\\\/#primaryimage\"},\"image\":{\"@id\":\"https:\\\/\\\/sk.gigroup.com\\\/ponuky-prace\\\/#primaryimage\"},\"thumbnailUrl\":\"https:\\\/\\\/sk.gigroup.com\\\/wp-content\\\/uploads\\\/sites\\\/23\\\/gi-group-logo-696x696-1.jpg\",\"datePublished\":\"2024-12-23T13:57:19+00:00\",\"dateModified\":\"2026-01-12T10:25:04+00:00\",\"description\":\"What\u2019s your next career move? Browse our job listings across multiple industries and find the opportunity that fits your skills and ambitions. Let\u2019s help you shape your next chapter.\",\"breadcrumb\":{\"@id\":\"https:\\\/\\\/sk.gigroup.com\\\/ponuky-prace\\\/#breadcrumb\"},\"inLanguage\":\"en-GB\",\"potentialAction\":[{\"@type\":\"ReadAction\",\"target\":[\"https:\\\/\\\/sk.gigroup.com\\\/ponuky-prace\\\/\"]}]},{\"@type\":\"ImageObject\",\"inLanguage\":\"en-GB\",\"@id\":\"https:\\\/\\\/sk.gigroup.com\\\/ponuky-prace\\\/#primaryimage\",\"url\":\"https:\\\/\\\/sk.gigroup.com\\\/wp-content\\\/uploads\\\/sites\\\/23\\\/gi-group-logo-696x696-1.jpg\",\"contentUrl\":\"https:\\\/\\\/sk.gigroup.com\\\/wp-content\\\/uploads\\\/sites\\\/23\\\/gi-group-logo-696x696-1.jpg\",\"width\":696,\"height\":696,\"caption\":\"Gi Group\"},{\"@type\":\"BreadcrumbList\",\"@id\":\"https:\\\/\\\/sk.gigroup.com\\\/ponuky-prace\\\/#breadcrumb\",\"itemListElement\":[{\"@type\":\"ListItem\",\"position\":1,\"name\":\"Home\",\"item\":\"https:\\\/\\\/sk.gigroup.com\\\/\"},{\"@type\":\"ListItem\",\"position\":2,\"name\":\"Job offers\"}]},{\"@type\":\"WebSite\",\"@id\":\"https:\\\/\\\/sk.gigroup.com\\\/#website\",\"url\":\"https:\\\/\\\/sk.gigroup.com\\\/\",\"name\":\"Gi Group Slovakia\",\"description\":\"Rie\u0161enia do\u010dasn\u00e9ho aj trval\u00e9ho zamestn\u00e1vania pre firmy\",\"potentialAction\":[{\"@type\":\"SearchAction\",\"target\":{\"@type\":\"EntryPoint\",\"urlTemplate\":\"https:\\\/\\\/sk.gigroup.com\\\/?s={search_term_string}\"},\"query-input\":{\"@type\":\"PropertyValueSpecification\",\"valueRequired\":true,\"valueName\":\"search_term_string\"}}],\"inLanguage\":\"en-GB\"}]}<\/script>\n<!-- \/ Yoast SEO Premium plugin. -->","yoast_head_json":{"title":"Search our Open Job Offers - Gi Group Slovakia","description":"What\u2019s your next career move? Browse our job listings across multiple industries and find the opportunity that fits your skills and ambitions. Let\u2019s help you shape your next chapter.","robots":{"index":"index","follow":"follow","max-snippet":"max-snippet:-1","max-image-preview":"max-image-preview:large","max-video-preview":"max-video-preview:-1"},"canonical":"https:\/\/sk.gigroup.com\/ponuky-prace\/","og_locale":"en_GB","og_type":"article","og_title":"Job offers","og_description":"What\u2019s your next career move? Browse our job listings across multiple industries and find the opportunity that fits your skills and ambitions. Let\u2019s help you shape your next chapter.","og_url":"https:\/\/sk.gigroup.com\/ponuky-prace\/","og_site_name":"Gi Group Slovakia","article_modified_time":"2026-01-12T10:25:04+00:00","og_image":[{"width":696,"height":696,"url":"https:\/\/sk.gigroup.com\/wp-content\/uploads\/sites\/23\/gi-group-logo-696x696-1.jpg","type":"image\/jpeg"}],"twitter_card":"summary_large_image","schema":{"@context":"https:\/\/schema.org","@graph":[{"@type":"WebPage","@id":"https:\/\/sk.gigroup.com\/ponuky-prace\/","url":"https:\/\/sk.gigroup.com\/ponuky-prace\/","name":"Search our Open Job Offers - Gi Group Slovakia","isPartOf":{"@id":"https:\/\/sk.gigroup.com\/#website"},"primaryImageOfPage":{"@id":"https:\/\/sk.gigroup.com\/ponuky-prace\/#primaryimage"},"image":{"@id":"https:\/\/sk.gigroup.com\/ponuky-prace\/#primaryimage"},"thumbnailUrl":"https:\/\/sk.gigroup.com\/wp-content\/uploads\/sites\/23\/gi-group-logo-696x696-1.jpg","datePublished":"2024-12-23T13:57:19+00:00","dateModified":"2026-01-12T10:25:04+00:00","description":"What\u2019s your next career move? Browse our job listings across multiple industries and find the opportunity that fits your skills and ambitions. Let\u2019s help you shape your next chapter.","breadcrumb":{"@id":"https:\/\/sk.gigroup.com\/ponuky-prace\/#breadcrumb"},"inLanguage":"en-GB","potentialAction":[{"@type":"ReadAction","target":["https:\/\/sk.gigroup.com\/ponuky-prace\/"]}]},{"@type":"ImageObject","inLanguage":"en-GB","@id":"https:\/\/sk.gigroup.com\/ponuky-prace\/#primaryimage","url":"https:\/\/sk.gigroup.com\/wp-content\/uploads\/sites\/23\/gi-group-logo-696x696-1.jpg","contentUrl":"https:\/\/sk.gigroup.com\/wp-content\/uploads\/sites\/23\/gi-group-logo-696x696-1.jpg","width":696,"height":696,"caption":"Gi Group"},{"@type":"BreadcrumbList","@id":"https:\/\/sk.gigroup.com\/ponuky-prace\/#breadcrumb","itemListElement":[{"@type":"ListItem","position":1,"name":"Home","item":"https:\/\/sk.gigroup.com\/"},{"@type":"ListItem","position":2,"name":"Job offers"}]},{"@type":"WebSite","@id":"https:\/\/sk.gigroup.com\/#website","url":"https:\/\/sk.gigroup.com\/","name":"Gi Group Slovakia","description":"Rie\u0161enia do\u010dasn\u00e9ho aj trval\u00e9ho zamestn\u00e1vania pre firmy","potentialAction":[{"@type":"SearchAction","target":{"@type":"EntryPoint","urlTemplate":"https:\/\/sk.gigroup.com\/?s={search_term_string}"},"query-input":{"@type":"PropertyValueSpecification","valueRequired":true,"valueName":"search_term_string"}}],"inLanguage":"en-GB"}]}},"_links":{"self":[{"href":"https:\/\/sk.gigroup.com\/en\/wp-json\/wp\/v2\/pages\/4304","targetHints":{"allow":["GET"]}}],"collection":[{"href":"https:\/\/sk.gigroup.com\/en\/wp-json\/wp\/v2\/pages"}],"about":[{"href":"https:\/\/sk.gigroup.com\/en\/wp-json\/wp\/v2\/types\/page"}],"author":[{"embeddable":true,"href":"https:\/\/sk.gigroup.com\/en\/wp-json\/wp\/v2\/users\/1"}],"replies":[{"embeddable":true,"href":"https:\/\/sk.gigroup.com\/en\/wp-json\/wp\/v2\/comments?post=4304"}],"version-history":[{"count":3,"href":"https:\/\/sk.gigroup.com\/en\/wp-json\/wp\/v2\/pages\/4304\/revisions"}],"predecessor-version":[{"id":4506,"href":"https:\/\/sk.gigroup.com\/en\/wp-json\/wp\/v2\/pages\/4304\/revisions\/4506"}],"wp:featuredmedia":[{"embeddable":true,"href":"https:\/\/sk.gigroup.com\/en\/wp-json\/wp\/v2\/media\/4066"}],"wp:attachment":[{"href":"https:\/\/sk.gigroup.com\/en\/wp-json\/wp\/v2\/media?parent=4304"}],"curies":[{"name":"wp","href":"https:\/\/api.w.org\/{rel}","templated":true}]}}