{"id":4309,"date":"2025-01-16T09:45:40","date_gmt":"2025-01-16T08:45:40","guid":{"rendered":"https:\/\/sk.gigroup.com\/zamestnavatelia\/docasni-zamestnanci\/"},"modified":"2026-03-30T21:53:27","modified_gmt":"2026-03-30T19:53:27","slug":"temporary-staffing","status":"publish","type":"page","link":"https:\/\/sk.gigroup.com\/en\/for-companies\/temporary-staffing\/","title":{"rendered":"Temporary Staffing"},"content":{"rendered":"","protected":false},"excerpt":{"rendered":"","protected":false},"author":1,"featured_media":4128,"parent":4308,"menu_order":0,"comment_status":"closed","ping_status":"closed","template":"","meta":{"footnotes":""},"class_list":["post-4309","page","type-page","status-publish","has-post-thumbnail","hentry"],"yoast_head":"<!-- This site is optimized with the Yoast SEO Premium plugin v27.4 (Yoast SEO v27.4) - https:\/\/yoast.com\/product\/yoast-seo-premium-wordpress\/ -->\n<title>Na\u0161a slu\u017eba do\u010dasn\u00e9ho pridelenia zamestnancov - Gi Group Slovakia<\/title>\n<meta name=\"description\" content=\"Potrebujete operat\u00edvne posilni\u0165 t\u00edm, pokry\u0165 v\u00fdpadok zamestnancov alebo zvl\u00e1dnu\u0165 ve\u013ekoobjemov\u00fd n\u00e1bor desiatok a\u017e stoviek pracovn\u00edkov?\" \/>\n<meta name=\"robots\" content=\"index, follow, max-snippet:-1, max-image-preview:large, max-video-preview:-1\" \/>\n<link rel=\"canonical\" href=\"https:\/\/sk.gigroup.com\/zamestnavatelia\/docasni-zamestnanci\/\" \/>\n<meta property=\"og:locale\" content=\"en_GB\" \/>\n<meta property=\"og:type\" content=\"article\" \/>\n<meta property=\"og:title\" content=\"Temporary Staffing\" \/>\n<meta property=\"og:description\" content=\"Potrebujete operat\u00edvne posilni\u0165 t\u00edm, pokry\u0165 v\u00fdpadok zamestnancov alebo zvl\u00e1dnu\u0165 ve\u013ekoobjemov\u00fd n\u00e1bor desiatok a\u017e stoviek pracovn\u00edkov?\" \/>\n<meta property=\"og:url\" content=\"https:\/\/sk.gigroup.com\/zamestnavatelia\/docasni-zamestnanci\/\" \/>\n<meta property=\"og:site_name\" content=\"Gi Group Slovakia\" \/>\n<meta property=\"article:modified_time\" content=\"2026-03-30T19:53:27+00:00\" \/>\n<meta property=\"og:image\" content=\"https:\/\/sk.gigroup.com\/wp-content\/uploads\/sites\/23\/header-temporary-staffing.webp\" \/>\n\t<meta property=\"og:image:width\" content=\"900\" \/>\n\t<meta property=\"og:image:height\" content=\"600\" \/>\n\t<meta property=\"og:image:type\" content=\"image\/webp\" \/>\n<meta name=\"twitter:card\" content=\"summary_large_image\" \/>\n<script type=\"application\/ld+json\" class=\"yoast-schema-graph\">{\"@context\":\"https:\\\/\\\/schema.org\",\"@graph\":[{\"@type\":\"WebPage\",\"@id\":\"https:\\\/\\\/sk.gigroup.com\\\/zamestnavatelia\\\/docasni-zamestnanci\\\/\",\"url\":\"https:\\\/\\\/sk.gigroup.com\\\/zamestnavatelia\\\/docasni-zamestnanci\\\/\",\"name\":\"Na\u0161a slu\u017eba do\u010dasn\u00e9ho pridelenia zamestnancov - Gi Group Slovakia\",\"isPartOf\":{\"@id\":\"https:\\\/\\\/sk.gigroup.com\\\/#website\"},\"primaryImageOfPage\":{\"@id\":\"https:\\\/\\\/sk.gigroup.com\\\/zamestnavatelia\\\/docasni-zamestnanci\\\/#primaryimage\"},\"image\":{\"@id\":\"https:\\\/\\\/sk.gigroup.com\\\/zamestnavatelia\\\/docasni-zamestnanci\\\/#primaryimage\"},\"thumbnailUrl\":\"https:\\\/\\\/sk.gigroup.com\\\/wp-content\\\/uploads\\\/sites\\\/23\\\/header-temporary-staffing.webp\",\"datePublished\":\"2025-01-16T08:45:40+00:00\",\"dateModified\":\"2026-03-30T19:53:27+00:00\",\"description\":\"Potrebujete operat\u00edvne posilni\u0165 t\u00edm, pokry\u0165 v\u00fdpadok zamestnancov alebo zvl\u00e1dnu\u0165 ve\u013ekoobjemov\u00fd n\u00e1bor desiatok a\u017e stoviek pracovn\u00edkov?\",\"breadcrumb\":{\"@id\":\"https:\\\/\\\/sk.gigroup.com\\\/zamestnavatelia\\\/docasni-zamestnanci\\\/#breadcrumb\"},\"inLanguage\":\"en-GB\",\"potentialAction\":[{\"@type\":\"ReadAction\",\"target\":[\"https:\\\/\\\/sk.gigroup.com\\\/zamestnavatelia\\\/docasni-zamestnanci\\\/\"]}]},{\"@type\":\"ImageObject\",\"inLanguage\":\"en-GB\",\"@id\":\"https:\\\/\\\/sk.gigroup.com\\\/zamestnavatelia\\\/docasni-zamestnanci\\\/#primaryimage\",\"url\":\"https:\\\/\\\/sk.gigroup.com\\\/wp-content\\\/uploads\\\/sites\\\/23\\\/header-temporary-staffing.webp\",\"contentUrl\":\"https:\\\/\\\/sk.gigroup.com\\\/wp-content\\\/uploads\\\/sites\\\/23\\\/header-temporary-staffing.webp\",\"width\":900,\"height\":600,\"caption\":\"Temporary staffing\"},{\"@type\":\"BreadcrumbList\",\"@id\":\"https:\\\/\\\/sk.gigroup.com\\\/zamestnavatelia\\\/docasni-zamestnanci\\\/#breadcrumb\",\"itemListElement\":[{\"@type\":\"ListItem\",\"position\":1,\"name\":\"Home\",\"item\":\"https:\\\/\\\/sk.gigroup.com\\\/\"},{\"@type\":\"ListItem\",\"position\":2,\"name\":\"For Companies\",\"item\":\"https:\\\/\\\/sk.gigroup.com\\\/en\\\/for-companies\\\/\"},{\"@type\":\"ListItem\",\"position\":3,\"name\":\"Temporary Staffing\"}]},{\"@type\":\"WebSite\",\"@id\":\"https:\\\/\\\/sk.gigroup.com\\\/#website\",\"url\":\"https:\\\/\\\/sk.gigroup.com\\\/\",\"name\":\"Gi Group Slovakia\",\"description\":\"Rie\u0161enia do\u010dasn\u00e9ho aj trval\u00e9ho zamestn\u00e1vania pre firmy\",\"potentialAction\":[{\"@type\":\"SearchAction\",\"target\":{\"@type\":\"EntryPoint\",\"urlTemplate\":\"https:\\\/\\\/sk.gigroup.com\\\/?s={search_term_string}\"},\"query-input\":{\"@type\":\"PropertyValueSpecification\",\"valueRequired\":true,\"valueName\":\"search_term_string\"}}],\"inLanguage\":\"en-GB\"}]}<\/script>\n<!-- \/ Yoast SEO Premium plugin. -->","yoast_head_json":{"title":"Na\u0161a slu\u017eba do\u010dasn\u00e9ho pridelenia zamestnancov - Gi Group Slovakia","description":"Potrebujete operat\u00edvne posilni\u0165 t\u00edm, pokry\u0165 v\u00fdpadok zamestnancov alebo zvl\u00e1dnu\u0165 ve\u013ekoobjemov\u00fd n\u00e1bor desiatok a\u017e stoviek pracovn\u00edkov?","robots":{"index":"index","follow":"follow","max-snippet":"max-snippet:-1","max-image-preview":"max-image-preview:large","max-video-preview":"max-video-preview:-1"},"canonical":"https:\/\/sk.gigroup.com\/zamestnavatelia\/docasni-zamestnanci\/","og_locale":"en_GB","og_type":"article","og_title":"Temporary Staffing","og_description":"Potrebujete operat\u00edvne posilni\u0165 t\u00edm, pokry\u0165 v\u00fdpadok zamestnancov alebo zvl\u00e1dnu\u0165 ve\u013ekoobjemov\u00fd n\u00e1bor desiatok a\u017e stoviek pracovn\u00edkov?","og_url":"https:\/\/sk.gigroup.com\/zamestnavatelia\/docasni-zamestnanci\/","og_site_name":"Gi Group Slovakia","article_modified_time":"2026-03-30T19:53:27+00:00","og_image":[{"width":900,"height":600,"url":"https:\/\/sk.gigroup.com\/wp-content\/uploads\/sites\/23\/header-temporary-staffing.webp","type":"image\/webp"}],"twitter_card":"summary_large_image","schema":{"@context":"https:\/\/schema.org","@graph":[{"@type":"WebPage","@id":"https:\/\/sk.gigroup.com\/zamestnavatelia\/docasni-zamestnanci\/","url":"https:\/\/sk.gigroup.com\/zamestnavatelia\/docasni-zamestnanci\/","name":"Na\u0161a slu\u017eba do\u010dasn\u00e9ho pridelenia zamestnancov - Gi Group Slovakia","isPartOf":{"@id":"https:\/\/sk.gigroup.com\/#website"},"primaryImageOfPage":{"@id":"https:\/\/sk.gigroup.com\/zamestnavatelia\/docasni-zamestnanci\/#primaryimage"},"image":{"@id":"https:\/\/sk.gigroup.com\/zamestnavatelia\/docasni-zamestnanci\/#primaryimage"},"thumbnailUrl":"https:\/\/sk.gigroup.com\/wp-content\/uploads\/sites\/23\/header-temporary-staffing.webp","datePublished":"2025-01-16T08:45:40+00:00","dateModified":"2026-03-30T19:53:27+00:00","description":"Potrebujete operat\u00edvne posilni\u0165 t\u00edm, pokry\u0165 v\u00fdpadok zamestnancov alebo zvl\u00e1dnu\u0165 ve\u013ekoobjemov\u00fd n\u00e1bor desiatok a\u017e stoviek pracovn\u00edkov?","breadcrumb":{"@id":"https:\/\/sk.gigroup.com\/zamestnavatelia\/docasni-zamestnanci\/#breadcrumb"},"inLanguage":"en-GB","potentialAction":[{"@type":"ReadAction","target":["https:\/\/sk.gigroup.com\/zamestnavatelia\/docasni-zamestnanci\/"]}]},{"@type":"ImageObject","inLanguage":"en-GB","@id":"https:\/\/sk.gigroup.com\/zamestnavatelia\/docasni-zamestnanci\/#primaryimage","url":"https:\/\/sk.gigroup.com\/wp-content\/uploads\/sites\/23\/header-temporary-staffing.webp","contentUrl":"https:\/\/sk.gigroup.com\/wp-content\/uploads\/sites\/23\/header-temporary-staffing.webp","width":900,"height":600,"caption":"Temporary staffing"},{"@type":"BreadcrumbList","@id":"https:\/\/sk.gigroup.com\/zamestnavatelia\/docasni-zamestnanci\/#breadcrumb","itemListElement":[{"@type":"ListItem","position":1,"name":"Home","item":"https:\/\/sk.gigroup.com\/"},{"@type":"ListItem","position":2,"name":"For Companies","item":"https:\/\/sk.gigroup.com\/en\/for-companies\/"},{"@type":"ListItem","position":3,"name":"Temporary Staffing"}]},{"@type":"WebSite","@id":"https:\/\/sk.gigroup.com\/#website","url":"https:\/\/sk.gigroup.com\/","name":"Gi Group Slovakia","description":"Rie\u0161enia do\u010dasn\u00e9ho aj trval\u00e9ho zamestn\u00e1vania pre firmy","potentialAction":[{"@type":"SearchAction","target":{"@type":"EntryPoint","urlTemplate":"https:\/\/sk.gigroup.com\/?s={search_term_string}"},"query-input":{"@type":"PropertyValueSpecification","valueRequired":true,"valueName":"search_term_string"}}],"inLanguage":"en-GB"}]}},"_links":{"self":[{"href":"https:\/\/sk.gigroup.com\/en\/wp-json\/wp\/v2\/pages\/4309","targetHints":{"allow":["GET"]}}],"collection":[{"href":"https:\/\/sk.gigroup.com\/en\/wp-json\/wp\/v2\/pages"}],"about":[{"href":"https:\/\/sk.gigroup.com\/en\/wp-json\/wp\/v2\/types\/page"}],"author":[{"embeddable":true,"href":"https:\/\/sk.gigroup.com\/en\/wp-json\/wp\/v2\/users\/1"}],"replies":[{"embeddable":true,"href":"https:\/\/sk.gigroup.com\/en\/wp-json\/wp\/v2\/comments?post=4309"}],"version-history":[{"count":8,"href":"https:\/\/sk.gigroup.com\/en\/wp-json\/wp\/v2\/pages\/4309\/revisions"}],"predecessor-version":[{"id":5252,"href":"https:\/\/sk.gigroup.com\/en\/wp-json\/wp\/v2\/pages\/4309\/revisions\/5252"}],"up":[{"embeddable":true,"href":"https:\/\/sk.gigroup.com\/en\/wp-json\/wp\/v2\/pages\/4308"}],"wp:featuredmedia":[{"embeddable":true,"href":"https:\/\/sk.gigroup.com\/en\/wp-json\/wp\/v2\/media\/4128"}],"wp:attachment":[{"href":"https:\/\/sk.gigroup.com\/en\/wp-json\/wp\/v2\/media?parent=4309"}],"curies":[{"name":"wp","href":"https:\/\/api.w.org\/{rel}","templated":true}]}}