{"id":4314,"date":"2025-01-16T11:03:39","date_gmt":"2025-01-16T10:03:39","guid":{"rendered":"https:\/\/sk.gigroup.com\/zamestnavatelia\/stali-zamestnanci\/"},"modified":"2026-03-30T11:37:06","modified_gmt":"2026-03-30T09:37:06","slug":"permanent-staffing","status":"publish","type":"page","link":"https:\/\/sk.gigroup.com\/en\/for-companies\/permanent-staffing\/","title":{"rendered":"Permanent Staffing"},"content":{"rendered":"","protected":false},"excerpt":{"rendered":"","protected":false},"author":1,"featured_media":4129,"parent":4308,"menu_order":0,"comment_status":"closed","ping_status":"closed","template":"","meta":{"footnotes":""},"class_list":["post-4314","page","type-page","status-publish","has-post-thumbnail","hentry"],"yoast_head":"<!-- This site is optimized with the Yoast SEO Premium plugin v27.4 (Yoast SEO v27.4) - https:\/\/yoast.com\/product\/yoast-seo-premium-wordpress\/ -->\n<title>Our Permanent Staffing Service - Gi Group Slovakia<\/title>\n<meta name=\"description\" content=\"What\u2019s your organisation&#039;s story? We consult closely with you to understand your hiring needs and ensure every candidate fits not only the role but also your company\u2019s unique values. From sourcing to selection, we handle it all, delivering candidates that align with both your current and future goals.\" \/>\n<meta name=\"robots\" content=\"index, follow, max-snippet:-1, max-image-preview:large, max-video-preview:-1\" \/>\n<link rel=\"canonical\" href=\"https:\/\/sk.gigroup.com\/en\/for-companies\/permanent-staffing\/\" \/>\n<meta property=\"og:locale\" content=\"en_GB\" \/>\n<meta property=\"og:type\" content=\"article\" \/>\n<meta property=\"og:title\" content=\"Permanent Staffing\" \/>\n<meta property=\"og:description\" content=\"What\u2019s your organisation&#039;s story? We consult closely with you to understand your hiring needs and ensure every candidate fits not only the role but also your company\u2019s unique values. From sourcing to selection, we handle it all, delivering candidates that align with both your current and future goals.\" \/>\n<meta property=\"og:url\" content=\"https:\/\/sk.gigroup.com\/en\/for-companies\/permanent-staffing\/\" \/>\n<meta property=\"og:site_name\" content=\"Gi Group Slovakia\" \/>\n<meta property=\"article:modified_time\" content=\"2026-03-30T09:37:06+00:00\" \/>\n<meta property=\"og:image\" content=\"https:\/\/sk.gigroup.com\/wp-content\/uploads\/sites\/23\/header-how-can-we-support-you.webp\" \/>\n\t<meta property=\"og:image:width\" content=\"900\" \/>\n\t<meta property=\"og:image:height\" content=\"600\" \/>\n\t<meta property=\"og:image:type\" content=\"image\/webp\" \/>\n<meta name=\"twitter:card\" content=\"summary_large_image\" \/>\n<script type=\"application\/ld+json\" class=\"yoast-schema-graph\">{\"@context\":\"https:\\\/\\\/schema.org\",\"@graph\":[{\"@type\":\"WebPage\",\"@id\":\"https:\\\/\\\/sk.gigroup.com\\\/en\\\/for-companies\\\/permanent-staffing\\\/\",\"url\":\"https:\\\/\\\/sk.gigroup.com\\\/en\\\/for-companies\\\/permanent-staffing\\\/\",\"name\":\"Our Permanent Staffing Service - Gi Group Slovakia\",\"isPartOf\":{\"@id\":\"https:\\\/\\\/sk.gigroup.com\\\/#website\"},\"primaryImageOfPage\":{\"@id\":\"https:\\\/\\\/sk.gigroup.com\\\/en\\\/for-companies\\\/permanent-staffing\\\/#primaryimage\"},\"image\":{\"@id\":\"https:\\\/\\\/sk.gigroup.com\\\/en\\\/for-companies\\\/permanent-staffing\\\/#primaryimage\"},\"thumbnailUrl\":\"https:\\\/\\\/sk.gigroup.com\\\/wp-content\\\/uploads\\\/sites\\\/23\\\/header-how-can-we-support-you.webp\",\"datePublished\":\"2025-01-16T10:03:39+00:00\",\"dateModified\":\"2026-03-30T09:37:06+00:00\",\"description\":\"What\u2019s your organisation's story? We consult closely with you to understand your hiring needs and ensure every candidate fits not only the role but also your company\u2019s unique values. From sourcing to selection, we handle it all, delivering candidates that align with both your current and future goals.\",\"breadcrumb\":{\"@id\":\"https:\\\/\\\/sk.gigroup.com\\\/en\\\/for-companies\\\/permanent-staffing\\\/#breadcrumb\"},\"inLanguage\":\"en-GB\",\"potentialAction\":[{\"@type\":\"ReadAction\",\"target\":[\"https:\\\/\\\/sk.gigroup.com\\\/en\\\/for-companies\\\/permanent-staffing\\\/\"]}]},{\"@type\":\"ImageObject\",\"inLanguage\":\"en-GB\",\"@id\":\"https:\\\/\\\/sk.gigroup.com\\\/en\\\/for-companies\\\/permanent-staffing\\\/#primaryimage\",\"url\":\"https:\\\/\\\/sk.gigroup.com\\\/wp-content\\\/uploads\\\/sites\\\/23\\\/header-how-can-we-support-you.webp\",\"contentUrl\":\"https:\\\/\\\/sk.gigroup.com\\\/wp-content\\\/uploads\\\/sites\\\/23\\\/header-how-can-we-support-you.webp\",\"width\":900,\"height\":600,\"caption\":\"Pre firmy n\u00e1bor na hlavn\u00fd pracovn\u00fd pomer\"},{\"@type\":\"BreadcrumbList\",\"@id\":\"https:\\\/\\\/sk.gigroup.com\\\/en\\\/for-companies\\\/permanent-staffing\\\/#breadcrumb\",\"itemListElement\":[{\"@type\":\"ListItem\",\"position\":1,\"name\":\"Home\",\"item\":\"https:\\\/\\\/sk.gigroup.com\\\/\"},{\"@type\":\"ListItem\",\"position\":2,\"name\":\"For Companies\",\"item\":\"https:\\\/\\\/sk.gigroup.com\\\/en\\\/for-companies\\\/\"},{\"@type\":\"ListItem\",\"position\":3,\"name\":\"Permanent Staffing\"}]},{\"@type\":\"WebSite\",\"@id\":\"https:\\\/\\\/sk.gigroup.com\\\/#website\",\"url\":\"https:\\\/\\\/sk.gigroup.com\\\/\",\"name\":\"Gi Group Slovakia\",\"description\":\"Rie\u0161enia do\u010dasn\u00e9ho aj trval\u00e9ho zamestn\u00e1vania pre firmy\",\"potentialAction\":[{\"@type\":\"SearchAction\",\"target\":{\"@type\":\"EntryPoint\",\"urlTemplate\":\"https:\\\/\\\/sk.gigroup.com\\\/?s={search_term_string}\"},\"query-input\":{\"@type\":\"PropertyValueSpecification\",\"valueRequired\":true,\"valueName\":\"search_term_string\"}}],\"inLanguage\":\"en-GB\"}]}<\/script>\n<!-- \/ Yoast SEO Premium plugin. -->","yoast_head_json":{"title":"Our Permanent Staffing Service - Gi Group Slovakia","description":"What\u2019s your organisation's story? We consult closely with you to understand your hiring needs and ensure every candidate fits not only the role but also your company\u2019s unique values. From sourcing to selection, we handle it all, delivering candidates that align with both your current and future goals.","robots":{"index":"index","follow":"follow","max-snippet":"max-snippet:-1","max-image-preview":"max-image-preview:large","max-video-preview":"max-video-preview:-1"},"canonical":"https:\/\/sk.gigroup.com\/en\/for-companies\/permanent-staffing\/","og_locale":"en_GB","og_type":"article","og_title":"Permanent Staffing","og_description":"What\u2019s your organisation's story? We consult closely with you to understand your hiring needs and ensure every candidate fits not only the role but also your company\u2019s unique values. From sourcing to selection, we handle it all, delivering candidates that align with both your current and future goals.","og_url":"https:\/\/sk.gigroup.com\/en\/for-companies\/permanent-staffing\/","og_site_name":"Gi Group Slovakia","article_modified_time":"2026-03-30T09:37:06+00:00","og_image":[{"width":900,"height":600,"url":"https:\/\/sk.gigroup.com\/wp-content\/uploads\/sites\/23\/header-how-can-we-support-you.webp","type":"image\/webp"}],"twitter_card":"summary_large_image","schema":{"@context":"https:\/\/schema.org","@graph":[{"@type":"WebPage","@id":"https:\/\/sk.gigroup.com\/en\/for-companies\/permanent-staffing\/","url":"https:\/\/sk.gigroup.com\/en\/for-companies\/permanent-staffing\/","name":"Our Permanent Staffing Service - Gi Group Slovakia","isPartOf":{"@id":"https:\/\/sk.gigroup.com\/#website"},"primaryImageOfPage":{"@id":"https:\/\/sk.gigroup.com\/en\/for-companies\/permanent-staffing\/#primaryimage"},"image":{"@id":"https:\/\/sk.gigroup.com\/en\/for-companies\/permanent-staffing\/#primaryimage"},"thumbnailUrl":"https:\/\/sk.gigroup.com\/wp-content\/uploads\/sites\/23\/header-how-can-we-support-you.webp","datePublished":"2025-01-16T10:03:39+00:00","dateModified":"2026-03-30T09:37:06+00:00","description":"What\u2019s your organisation's story? We consult closely with you to understand your hiring needs and ensure every candidate fits not only the role but also your company\u2019s unique values. From sourcing to selection, we handle it all, delivering candidates that align with both your current and future goals.","breadcrumb":{"@id":"https:\/\/sk.gigroup.com\/en\/for-companies\/permanent-staffing\/#breadcrumb"},"inLanguage":"en-GB","potentialAction":[{"@type":"ReadAction","target":["https:\/\/sk.gigroup.com\/en\/for-companies\/permanent-staffing\/"]}]},{"@type":"ImageObject","inLanguage":"en-GB","@id":"https:\/\/sk.gigroup.com\/en\/for-companies\/permanent-staffing\/#primaryimage","url":"https:\/\/sk.gigroup.com\/wp-content\/uploads\/sites\/23\/header-how-can-we-support-you.webp","contentUrl":"https:\/\/sk.gigroup.com\/wp-content\/uploads\/sites\/23\/header-how-can-we-support-you.webp","width":900,"height":600,"caption":"Pre firmy n\u00e1bor na hlavn\u00fd pracovn\u00fd pomer"},{"@type":"BreadcrumbList","@id":"https:\/\/sk.gigroup.com\/en\/for-companies\/permanent-staffing\/#breadcrumb","itemListElement":[{"@type":"ListItem","position":1,"name":"Home","item":"https:\/\/sk.gigroup.com\/"},{"@type":"ListItem","position":2,"name":"For Companies","item":"https:\/\/sk.gigroup.com\/en\/for-companies\/"},{"@type":"ListItem","position":3,"name":"Permanent Staffing"}]},{"@type":"WebSite","@id":"https:\/\/sk.gigroup.com\/#website","url":"https:\/\/sk.gigroup.com\/","name":"Gi Group Slovakia","description":"Rie\u0161enia do\u010dasn\u00e9ho aj trval\u00e9ho zamestn\u00e1vania pre firmy","potentialAction":[{"@type":"SearchAction","target":{"@type":"EntryPoint","urlTemplate":"https:\/\/sk.gigroup.com\/?s={search_term_string}"},"query-input":{"@type":"PropertyValueSpecification","valueRequired":true,"valueName":"search_term_string"}}],"inLanguage":"en-GB"}]}},"_links":{"self":[{"href":"https:\/\/sk.gigroup.com\/en\/wp-json\/wp\/v2\/pages\/4314","targetHints":{"allow":["GET"]}}],"collection":[{"href":"https:\/\/sk.gigroup.com\/en\/wp-json\/wp\/v2\/pages"}],"about":[{"href":"https:\/\/sk.gigroup.com\/en\/wp-json\/wp\/v2\/types\/page"}],"author":[{"embeddable":true,"href":"https:\/\/sk.gigroup.com\/en\/wp-json\/wp\/v2\/users\/1"}],"replies":[{"embeddable":true,"href":"https:\/\/sk.gigroup.com\/en\/wp-json\/wp\/v2\/comments?post=4314"}],"version-history":[{"count":6,"href":"https:\/\/sk.gigroup.com\/en\/wp-json\/wp\/v2\/pages\/4314\/revisions"}],"predecessor-version":[{"id":5154,"href":"https:\/\/sk.gigroup.com\/en\/wp-json\/wp\/v2\/pages\/4314\/revisions\/5154"}],"up":[{"embeddable":true,"href":"https:\/\/sk.gigroup.com\/en\/wp-json\/wp\/v2\/pages\/4308"}],"wp:featuredmedia":[{"embeddable":true,"href":"https:\/\/sk.gigroup.com\/en\/wp-json\/wp\/v2\/media\/4129"}],"wp:attachment":[{"href":"https:\/\/sk.gigroup.com\/en\/wp-json\/wp\/v2\/media?parent=4314"}],"curies":[{"name":"wp","href":"https:\/\/api.w.org\/{rel}","templated":true}]}}