{"id":4316,"date":"2025-10-30T08:53:46","date_gmt":"2025-10-30T07:53:46","guid":{"rendered":"https:\/\/sk.gigroup.com\/zamestnavatelia\/nase-prieskumy\/benefit-rozsireny-prieskum-benefitov-2024\/"},"modified":"2026-03-30T14:11:33","modified_gmt":"2026-03-30T12:11:33","slug":"benefit-extended-benefits-survey-2024","status":"publish","type":"page","link":"https:\/\/sk.gigroup.com\/en\/for-companies\/our-surveys\/benefit-extended-benefits-survey-2024\/","title":{"rendered":"BENEFIT+ Extended Benefits Survey 2024"},"content":{"rendered":"","protected":false},"excerpt":{"rendered":"","protected":false},"author":1,"featured_media":4275,"parent":4315,"menu_order":0,"comment_status":"closed","ping_status":"closed","template":"","meta":{"footnotes":""},"class_list":["post-4316","page","type-page","status-publish","has-post-thumbnail","hentry"],"yoast_head":"<!-- This site is optimized with the Yoast SEO Premium plugin v27.4 (Yoast SEO v27.4) - https:\/\/yoast.com\/product\/yoast-seo-premium-wordpress\/ -->\n<title>BENEFIT+, extended Benefit Survey 2024 - Gi Group Slovakia<\/title>\n<meta name=\"description\" content=\"Benefits of qualified production workers, the so-called This year&#039;s benefits survey is published in an expanded version compared to previous years.\" \/>\n<meta name=\"robots\" content=\"index, follow, max-snippet:-1, max-image-preview:large, max-video-preview:-1\" \/>\n<link rel=\"canonical\" href=\"https:\/\/sk.gigroup.com\/en\/for-companies\/our-surveys\/benefit-extended-benefits-survey-2024\/\" \/>\n<meta property=\"og:locale\" content=\"en_GB\" \/>\n<meta property=\"og:type\" content=\"article\" \/>\n<meta property=\"og:title\" content=\"BENEFIT+ Extended Benefits Survey 2024\" \/>\n<meta property=\"og:description\" content=\"Benefits of qualified production workers, the so-called This year&#039;s benefits survey is published in an expanded version compared to previous years.\" \/>\n<meta property=\"og:url\" content=\"https:\/\/sk.gigroup.com\/en\/for-companies\/our-surveys\/benefit-extended-benefits-survey-2024\/\" \/>\n<meta property=\"og:site_name\" content=\"Gi Group Slovakia\" \/>\n<meta property=\"article:modified_time\" content=\"2026-03-30T12:11:33+00:00\" \/>\n<meta property=\"og:image\" content=\"https:\/\/sk.gigroup.com\/wp-content\/uploads\/sites\/23\/benefit_2024.webp\" \/>\n\t<meta property=\"og:image:width\" content=\"1000\" \/>\n\t<meta property=\"og:image:height\" content=\"600\" \/>\n\t<meta property=\"og:image:type\" content=\"image\/webp\" \/>\n<meta name=\"twitter:card\" content=\"summary_large_image\" \/>\n<script type=\"application\/ld+json\" class=\"yoast-schema-graph\">{\"@context\":\"https:\\\/\\\/schema.org\",\"@graph\":[{\"@type\":\"WebPage\",\"@id\":\"https:\\\/\\\/sk.gigroup.com\\\/en\\\/for-companies\\\/our-surveys\\\/benefit-extended-benefits-survey-2024\\\/\",\"url\":\"https:\\\/\\\/sk.gigroup.com\\\/en\\\/for-companies\\\/our-surveys\\\/benefit-extended-benefits-survey-2024\\\/\",\"name\":\"BENEFIT+, extended Benefit Survey 2024 - Gi Group Slovakia\",\"isPartOf\":{\"@id\":\"https:\\\/\\\/sk.gigroup.com\\\/#website\"},\"primaryImageOfPage\":{\"@id\":\"https:\\\/\\\/sk.gigroup.com\\\/en\\\/for-companies\\\/our-surveys\\\/benefit-extended-benefits-survey-2024\\\/#primaryimage\"},\"image\":{\"@id\":\"https:\\\/\\\/sk.gigroup.com\\\/en\\\/for-companies\\\/our-surveys\\\/benefit-extended-benefits-survey-2024\\\/#primaryimage\"},\"thumbnailUrl\":\"https:\\\/\\\/sk.gigroup.com\\\/wp-content\\\/uploads\\\/sites\\\/23\\\/benefit_2024.webp\",\"datePublished\":\"2025-10-30T07:53:46+00:00\",\"dateModified\":\"2026-03-30T12:11:33+00:00\",\"description\":\"Benefits of qualified production workers, the so-called This year's benefits survey is published in an expanded version compared to previous years.\",\"breadcrumb\":{\"@id\":\"https:\\\/\\\/sk.gigroup.com\\\/en\\\/for-companies\\\/our-surveys\\\/benefit-extended-benefits-survey-2024\\\/#breadcrumb\"},\"inLanguage\":\"en-GB\",\"potentialAction\":[{\"@type\":\"ReadAction\",\"target\":[\"https:\\\/\\\/sk.gigroup.com\\\/en\\\/for-companies\\\/our-surveys\\\/benefit-extended-benefits-survey-2024\\\/\"]}]},{\"@type\":\"ImageObject\",\"inLanguage\":\"en-GB\",\"@id\":\"https:\\\/\\\/sk.gigroup.com\\\/en\\\/for-companies\\\/our-surveys\\\/benefit-extended-benefits-survey-2024\\\/#primaryimage\",\"url\":\"https:\\\/\\\/sk.gigroup.com\\\/wp-content\\\/uploads\\\/sites\\\/23\\\/benefit_2024.webp\",\"contentUrl\":\"https:\\\/\\\/sk.gigroup.com\\\/wp-content\\\/uploads\\\/sites\\\/23\\\/benefit_2024.webp\",\"width\":1000,\"height\":600,\"caption\":\"Benefit+ 2024\"},{\"@type\":\"BreadcrumbList\",\"@id\":\"https:\\\/\\\/sk.gigroup.com\\\/en\\\/for-companies\\\/our-surveys\\\/benefit-extended-benefits-survey-2024\\\/#breadcrumb\",\"itemListElement\":[{\"@type\":\"ListItem\",\"position\":1,\"name\":\"Home\",\"item\":\"https:\\\/\\\/sk.gigroup.com\\\/\"},{\"@type\":\"ListItem\",\"position\":2,\"name\":\"For Companies\",\"item\":\"https:\\\/\\\/sk.gigroup.com\\\/en\\\/for-companies\\\/\"},{\"@type\":\"ListItem\",\"position\":3,\"name\":\"Our surveys\",\"item\":\"https:\\\/\\\/sk.gigroup.com\\\/en\\\/for-companies\\\/our-surveys\\\/\"},{\"@type\":\"ListItem\",\"position\":4,\"name\":\"BENEFIT+ Extended Benefits Survey 2024\"}]},{\"@type\":\"WebSite\",\"@id\":\"https:\\\/\\\/sk.gigroup.com\\\/#website\",\"url\":\"https:\\\/\\\/sk.gigroup.com\\\/\",\"name\":\"Gi Group Slovakia\",\"description\":\"Rie\u0161enia do\u010dasn\u00e9ho aj trval\u00e9ho zamestn\u00e1vania pre firmy\",\"potentialAction\":[{\"@type\":\"SearchAction\",\"target\":{\"@type\":\"EntryPoint\",\"urlTemplate\":\"https:\\\/\\\/sk.gigroup.com\\\/?s={search_term_string}\"},\"query-input\":{\"@type\":\"PropertyValueSpecification\",\"valueRequired\":true,\"valueName\":\"search_term_string\"}}],\"inLanguage\":\"en-GB\"}]}<\/script>\n<!-- \/ Yoast SEO Premium plugin. -->","yoast_head_json":{"title":"BENEFIT+, extended Benefit Survey 2024 - Gi Group Slovakia","description":"Benefits of qualified production workers, the so-called This year's benefits survey is published in an expanded version compared to previous years.","robots":{"index":"index","follow":"follow","max-snippet":"max-snippet:-1","max-image-preview":"max-image-preview:large","max-video-preview":"max-video-preview:-1"},"canonical":"https:\/\/sk.gigroup.com\/en\/for-companies\/our-surveys\/benefit-extended-benefits-survey-2024\/","og_locale":"en_GB","og_type":"article","og_title":"BENEFIT+ Extended Benefits Survey 2024","og_description":"Benefits of qualified production workers, the so-called This year's benefits survey is published in an expanded version compared to previous years.","og_url":"https:\/\/sk.gigroup.com\/en\/for-companies\/our-surveys\/benefit-extended-benefits-survey-2024\/","og_site_name":"Gi Group Slovakia","article_modified_time":"2026-03-30T12:11:33+00:00","og_image":[{"width":1000,"height":600,"url":"https:\/\/sk.gigroup.com\/wp-content\/uploads\/sites\/23\/benefit_2024.webp","type":"image\/webp"}],"twitter_card":"summary_large_image","schema":{"@context":"https:\/\/schema.org","@graph":[{"@type":"WebPage","@id":"https:\/\/sk.gigroup.com\/en\/for-companies\/our-surveys\/benefit-extended-benefits-survey-2024\/","url":"https:\/\/sk.gigroup.com\/en\/for-companies\/our-surveys\/benefit-extended-benefits-survey-2024\/","name":"BENEFIT+, extended Benefit Survey 2024 - Gi Group Slovakia","isPartOf":{"@id":"https:\/\/sk.gigroup.com\/#website"},"primaryImageOfPage":{"@id":"https:\/\/sk.gigroup.com\/en\/for-companies\/our-surveys\/benefit-extended-benefits-survey-2024\/#primaryimage"},"image":{"@id":"https:\/\/sk.gigroup.com\/en\/for-companies\/our-surveys\/benefit-extended-benefits-survey-2024\/#primaryimage"},"thumbnailUrl":"https:\/\/sk.gigroup.com\/wp-content\/uploads\/sites\/23\/benefit_2024.webp","datePublished":"2025-10-30T07:53:46+00:00","dateModified":"2026-03-30T12:11:33+00:00","description":"Benefits of qualified production workers, the so-called This year's benefits survey is published in an expanded version compared to previous years.","breadcrumb":{"@id":"https:\/\/sk.gigroup.com\/en\/for-companies\/our-surveys\/benefit-extended-benefits-survey-2024\/#breadcrumb"},"inLanguage":"en-GB","potentialAction":[{"@type":"ReadAction","target":["https:\/\/sk.gigroup.com\/en\/for-companies\/our-surveys\/benefit-extended-benefits-survey-2024\/"]}]},{"@type":"ImageObject","inLanguage":"en-GB","@id":"https:\/\/sk.gigroup.com\/en\/for-companies\/our-surveys\/benefit-extended-benefits-survey-2024\/#primaryimage","url":"https:\/\/sk.gigroup.com\/wp-content\/uploads\/sites\/23\/benefit_2024.webp","contentUrl":"https:\/\/sk.gigroup.com\/wp-content\/uploads\/sites\/23\/benefit_2024.webp","width":1000,"height":600,"caption":"Benefit+ 2024"},{"@type":"BreadcrumbList","@id":"https:\/\/sk.gigroup.com\/en\/for-companies\/our-surveys\/benefit-extended-benefits-survey-2024\/#breadcrumb","itemListElement":[{"@type":"ListItem","position":1,"name":"Home","item":"https:\/\/sk.gigroup.com\/"},{"@type":"ListItem","position":2,"name":"For Companies","item":"https:\/\/sk.gigroup.com\/en\/for-companies\/"},{"@type":"ListItem","position":3,"name":"Our surveys","item":"https:\/\/sk.gigroup.com\/en\/for-companies\/our-surveys\/"},{"@type":"ListItem","position":4,"name":"BENEFIT+ Extended Benefits Survey 2024"}]},{"@type":"WebSite","@id":"https:\/\/sk.gigroup.com\/#website","url":"https:\/\/sk.gigroup.com\/","name":"Gi Group Slovakia","description":"Rie\u0161enia do\u010dasn\u00e9ho aj trval\u00e9ho zamestn\u00e1vania pre firmy","potentialAction":[{"@type":"SearchAction","target":{"@type":"EntryPoint","urlTemplate":"https:\/\/sk.gigroup.com\/?s={search_term_string}"},"query-input":{"@type":"PropertyValueSpecification","valueRequired":true,"valueName":"search_term_string"}}],"inLanguage":"en-GB"}]}},"_links":{"self":[{"href":"https:\/\/sk.gigroup.com\/en\/wp-json\/wp\/v2\/pages\/4316","targetHints":{"allow":["GET"]}}],"collection":[{"href":"https:\/\/sk.gigroup.com\/en\/wp-json\/wp\/v2\/pages"}],"about":[{"href":"https:\/\/sk.gigroup.com\/en\/wp-json\/wp\/v2\/types\/page"}],"author":[{"embeddable":true,"href":"https:\/\/sk.gigroup.com\/en\/wp-json\/wp\/v2\/users\/1"}],"replies":[{"embeddable":true,"href":"https:\/\/sk.gigroup.com\/en\/wp-json\/wp\/v2\/comments?post=4316"}],"version-history":[{"count":4,"href":"https:\/\/sk.gigroup.com\/en\/wp-json\/wp\/v2\/pages\/4316\/revisions"}],"predecessor-version":[{"id":5187,"href":"https:\/\/sk.gigroup.com\/en\/wp-json\/wp\/v2\/pages\/4316\/revisions\/5187"}],"up":[{"embeddable":true,"href":"https:\/\/sk.gigroup.com\/en\/wp-json\/wp\/v2\/pages\/4315"}],"wp:featuredmedia":[{"embeddable":true,"href":"https:\/\/sk.gigroup.com\/en\/wp-json\/wp\/v2\/media\/4275"}],"wp:attachment":[{"href":"https:\/\/sk.gigroup.com\/en\/wp-json\/wp\/v2\/media?parent=4316"}],"curies":[{"name":"wp","href":"https:\/\/api.w.org\/{rel}","templated":true}]}}