{"id":4319,"date":"2025-01-16T16:32:36","date_gmt":"2025-01-16T15:32:36","guid":{"rendered":"https:\/\/sk.gigroup.com\/zamestnavatelia\/international-mobility\/"},"modified":"2025-12-17T12:10:24","modified_gmt":"2025-12-17T11:10:24","slug":"international-mobility","status":"publish","type":"page","link":"https:\/\/sk.gigroup.com\/en\/for-companies\/international-mobility\/","title":{"rendered":"International Mobility"},"content":{"rendered":"","protected":false},"excerpt":{"rendered":"","protected":false},"author":1,"featured_media":4130,"parent":4308,"menu_order":0,"comment_status":"closed","ping_status":"closed","template":"","meta":{"footnotes":""},"class_list":["post-4319","page","type-page","status-publish","has-post-thumbnail","hentry"],"yoast_head":"<!-- This site is optimized with the Yoast SEO Premium plugin v27.4 (Yoast SEO v27.4) - https:\/\/yoast.com\/product\/yoast-seo-premium-wordpress\/ -->\n<title>Meet our International Mobility Solution - Gi Group Slovakia<\/title>\n<meta name=\"description\" content=\"The people you need might not be available in your local market. We simplify the complexities of international hiring, ensuring the right people are in place, ramped up, and ready to contribute when you need them most.\" \/>\n<meta name=\"robots\" content=\"index, follow, max-snippet:-1, max-image-preview:large, max-video-preview:-1\" \/>\n<link rel=\"canonical\" href=\"https:\/\/sk.gigroup.com\/en\/for-companies\/international-mobility\/\" \/>\n<meta property=\"og:locale\" content=\"en_GB\" \/>\n<meta property=\"og:type\" content=\"article\" \/>\n<meta property=\"og:title\" content=\"International Mobility\" \/>\n<meta property=\"og:description\" content=\"The people you need might not be available in your local market. We simplify the complexities of international hiring, ensuring the right people are in place, ramped up, and ready to contribute when you need them most.\" \/>\n<meta property=\"og:url\" content=\"https:\/\/sk.gigroup.com\/en\/for-companies\/international-mobility\/\" \/>\n<meta property=\"og:site_name\" content=\"Gi Group Slovakia\" \/>\n<meta property=\"article:modified_time\" content=\"2025-12-17T11:10:24+00:00\" \/>\n<meta property=\"og:image\" content=\"https:\/\/sk.gigroup.com\/wp-content\/uploads\/sites\/23\/header-international-mobility.webp\" \/>\n\t<meta property=\"og:image:width\" content=\"900\" \/>\n\t<meta property=\"og:image:height\" content=\"600\" \/>\n\t<meta property=\"og:image:type\" content=\"image\/webp\" \/>\n<meta name=\"twitter:card\" content=\"summary_large_image\" \/>\n<script type=\"application\/ld+json\" class=\"yoast-schema-graph\">{\"@context\":\"https:\\\/\\\/schema.org\",\"@graph\":[{\"@type\":\"WebPage\",\"@id\":\"https:\\\/\\\/sk.gigroup.com\\\/en\\\/for-companies\\\/international-mobility\\\/\",\"url\":\"https:\\\/\\\/sk.gigroup.com\\\/en\\\/for-companies\\\/international-mobility\\\/\",\"name\":\"Meet our International Mobility Solution - Gi Group Slovakia\",\"isPartOf\":{\"@id\":\"https:\\\/\\\/sk.gigroup.com\\\/#website\"},\"primaryImageOfPage\":{\"@id\":\"https:\\\/\\\/sk.gigroup.com\\\/en\\\/for-companies\\\/international-mobility\\\/#primaryimage\"},\"image\":{\"@id\":\"https:\\\/\\\/sk.gigroup.com\\\/en\\\/for-companies\\\/international-mobility\\\/#primaryimage\"},\"thumbnailUrl\":\"https:\\\/\\\/sk.gigroup.com\\\/wp-content\\\/uploads\\\/sites\\\/23\\\/header-international-mobility.webp\",\"datePublished\":\"2025-01-16T15:32:36+00:00\",\"dateModified\":\"2025-12-17T11:10:24+00:00\",\"description\":\"The people you need might not be available in your local market. We simplify the complexities of international hiring, ensuring the right people are in place, ramped up, and ready to contribute when you need them most.\",\"breadcrumb\":{\"@id\":\"https:\\\/\\\/sk.gigroup.com\\\/en\\\/for-companies\\\/international-mobility\\\/#breadcrumb\"},\"inLanguage\":\"en-GB\",\"potentialAction\":[{\"@type\":\"ReadAction\",\"target\":[\"https:\\\/\\\/sk.gigroup.com\\\/en\\\/for-companies\\\/international-mobility\\\/\"]}]},{\"@type\":\"ImageObject\",\"inLanguage\":\"en-GB\",\"@id\":\"https:\\\/\\\/sk.gigroup.com\\\/en\\\/for-companies\\\/international-mobility\\\/#primaryimage\",\"url\":\"https:\\\/\\\/sk.gigroup.com\\\/wp-content\\\/uploads\\\/sites\\\/23\\\/header-international-mobility.webp\",\"contentUrl\":\"https:\\\/\\\/sk.gigroup.com\\\/wp-content\\\/uploads\\\/sites\\\/23\\\/header-international-mobility.webp\",\"width\":900,\"height\":600,\"caption\":\"Pre firmy medzin\u00e1rodn\u00e1 mobilita\"},{\"@type\":\"BreadcrumbList\",\"@id\":\"https:\\\/\\\/sk.gigroup.com\\\/en\\\/for-companies\\\/international-mobility\\\/#breadcrumb\",\"itemListElement\":[{\"@type\":\"ListItem\",\"position\":1,\"name\":\"Home\",\"item\":\"https:\\\/\\\/sk.gigroup.com\\\/\"},{\"@type\":\"ListItem\",\"position\":2,\"name\":\"For Companies\",\"item\":\"https:\\\/\\\/sk.gigroup.com\\\/en\\\/for-companies\\\/\"},{\"@type\":\"ListItem\",\"position\":3,\"name\":\"International Mobility\"}]},{\"@type\":\"WebSite\",\"@id\":\"https:\\\/\\\/sk.gigroup.com\\\/#website\",\"url\":\"https:\\\/\\\/sk.gigroup.com\\\/\",\"name\":\"Gi Group Slovakia\",\"description\":\"Rie\u0161enia do\u010dasn\u00e9ho aj trval\u00e9ho zamestn\u00e1vania pre firmy\",\"potentialAction\":[{\"@type\":\"SearchAction\",\"target\":{\"@type\":\"EntryPoint\",\"urlTemplate\":\"https:\\\/\\\/sk.gigroup.com\\\/?s={search_term_string}\"},\"query-input\":{\"@type\":\"PropertyValueSpecification\",\"valueRequired\":true,\"valueName\":\"search_term_string\"}}],\"inLanguage\":\"en-GB\"}]}<\/script>\n<!-- \/ Yoast SEO Premium plugin. -->","yoast_head_json":{"title":"Meet our International Mobility Solution - Gi Group Slovakia","description":"The people you need might not be available in your local market. We simplify the complexities of international hiring, ensuring the right people are in place, ramped up, and ready to contribute when you need them most.","robots":{"index":"index","follow":"follow","max-snippet":"max-snippet:-1","max-image-preview":"max-image-preview:large","max-video-preview":"max-video-preview:-1"},"canonical":"https:\/\/sk.gigroup.com\/en\/for-companies\/international-mobility\/","og_locale":"en_GB","og_type":"article","og_title":"International Mobility","og_description":"The people you need might not be available in your local market. We simplify the complexities of international hiring, ensuring the right people are in place, ramped up, and ready to contribute when you need them most.","og_url":"https:\/\/sk.gigroup.com\/en\/for-companies\/international-mobility\/","og_site_name":"Gi Group Slovakia","article_modified_time":"2025-12-17T11:10:24+00:00","og_image":[{"width":900,"height":600,"url":"https:\/\/sk.gigroup.com\/wp-content\/uploads\/sites\/23\/header-international-mobility.webp","type":"image\/webp"}],"twitter_card":"summary_large_image","schema":{"@context":"https:\/\/schema.org","@graph":[{"@type":"WebPage","@id":"https:\/\/sk.gigroup.com\/en\/for-companies\/international-mobility\/","url":"https:\/\/sk.gigroup.com\/en\/for-companies\/international-mobility\/","name":"Meet our International Mobility Solution - Gi Group Slovakia","isPartOf":{"@id":"https:\/\/sk.gigroup.com\/#website"},"primaryImageOfPage":{"@id":"https:\/\/sk.gigroup.com\/en\/for-companies\/international-mobility\/#primaryimage"},"image":{"@id":"https:\/\/sk.gigroup.com\/en\/for-companies\/international-mobility\/#primaryimage"},"thumbnailUrl":"https:\/\/sk.gigroup.com\/wp-content\/uploads\/sites\/23\/header-international-mobility.webp","datePublished":"2025-01-16T15:32:36+00:00","dateModified":"2025-12-17T11:10:24+00:00","description":"The people you need might not be available in your local market. We simplify the complexities of international hiring, ensuring the right people are in place, ramped up, and ready to contribute when you need them most.","breadcrumb":{"@id":"https:\/\/sk.gigroup.com\/en\/for-companies\/international-mobility\/#breadcrumb"},"inLanguage":"en-GB","potentialAction":[{"@type":"ReadAction","target":["https:\/\/sk.gigroup.com\/en\/for-companies\/international-mobility\/"]}]},{"@type":"ImageObject","inLanguage":"en-GB","@id":"https:\/\/sk.gigroup.com\/en\/for-companies\/international-mobility\/#primaryimage","url":"https:\/\/sk.gigroup.com\/wp-content\/uploads\/sites\/23\/header-international-mobility.webp","contentUrl":"https:\/\/sk.gigroup.com\/wp-content\/uploads\/sites\/23\/header-international-mobility.webp","width":900,"height":600,"caption":"Pre firmy medzin\u00e1rodn\u00e1 mobilita"},{"@type":"BreadcrumbList","@id":"https:\/\/sk.gigroup.com\/en\/for-companies\/international-mobility\/#breadcrumb","itemListElement":[{"@type":"ListItem","position":1,"name":"Home","item":"https:\/\/sk.gigroup.com\/"},{"@type":"ListItem","position":2,"name":"For Companies","item":"https:\/\/sk.gigroup.com\/en\/for-companies\/"},{"@type":"ListItem","position":3,"name":"International Mobility"}]},{"@type":"WebSite","@id":"https:\/\/sk.gigroup.com\/#website","url":"https:\/\/sk.gigroup.com\/","name":"Gi Group Slovakia","description":"Rie\u0161enia do\u010dasn\u00e9ho aj trval\u00e9ho zamestn\u00e1vania pre firmy","potentialAction":[{"@type":"SearchAction","target":{"@type":"EntryPoint","urlTemplate":"https:\/\/sk.gigroup.com\/?s={search_term_string}"},"query-input":{"@type":"PropertyValueSpecification","valueRequired":true,"valueName":"search_term_string"}}],"inLanguage":"en-GB"}]}},"_links":{"self":[{"href":"https:\/\/sk.gigroup.com\/en\/wp-json\/wp\/v2\/pages\/4319","targetHints":{"allow":["GET"]}}],"collection":[{"href":"https:\/\/sk.gigroup.com\/en\/wp-json\/wp\/v2\/pages"}],"about":[{"href":"https:\/\/sk.gigroup.com\/en\/wp-json\/wp\/v2\/types\/page"}],"author":[{"embeddable":true,"href":"https:\/\/sk.gigroup.com\/en\/wp-json\/wp\/v2\/users\/1"}],"replies":[{"embeddable":true,"href":"https:\/\/sk.gigroup.com\/en\/wp-json\/wp\/v2\/comments?post=4319"}],"version-history":[{"count":12,"href":"https:\/\/sk.gigroup.com\/en\/wp-json\/wp\/v2\/pages\/4319\/revisions"}],"predecessor-version":[{"id":4441,"href":"https:\/\/sk.gigroup.com\/en\/wp-json\/wp\/v2\/pages\/4319\/revisions\/4441"}],"up":[{"embeddable":true,"href":"https:\/\/sk.gigroup.com\/en\/wp-json\/wp\/v2\/pages\/4308"}],"wp:featuredmedia":[{"embeddable":true,"href":"https:\/\/sk.gigroup.com\/en\/wp-json\/wp\/v2\/media\/4130"}],"wp:attachment":[{"href":"https:\/\/sk.gigroup.com\/en\/wp-json\/wp\/v2\/media?parent=4319"}],"curies":[{"name":"wp","href":"https:\/\/api.w.org\/{rel}","templated":true}]}}