{"id":4805,"date":"2026-03-30T11:48:23","date_gmt":"2026-03-30T09:48:23","guid":{"rendered":"https:\/\/sk.gigroup.com\/?page_id=4805"},"modified":"2026-03-30T14:24:12","modified_gmt":"2026-03-30T12:24:12","slug":"onsite","status":"publish","type":"page","link":"https:\/\/sk.gigroup.com\/en\/for-companies\/onsite\/","title":{"rendered":"ONSITE (Site managed services)"},"content":{"rendered":"\r\n<p><a href=\"https:\/\/sk.gigroup.com\/en\/for-employers\/onsite\/?bricks=run\">Edit with Bricks<\/a><\/p>\r\n","protected":false},"excerpt":{"rendered":"<p>Edit with Bricks<\/p>\n","protected":false},"author":1,"featured_media":4684,"parent":4308,"menu_order":0,"comment_status":"closed","ping_status":"closed","template":"","meta":{"footnotes":""},"class_list":["post-4805","page","type-page","status-publish","has-post-thumbnail","hentry"],"yoast_head":"<!-- This site is optimized with the Yoast SEO Premium plugin v27.4 (Yoast SEO v27.4) - https:\/\/yoast.com\/product\/yoast-seo-premium-wordpress\/ -->\n<title>Onsite. Dedicated solution for HR managed services - Gi Group Slovakia<\/title>\n<meta name=\"description\" content=\"Onsite is Gi Group\u2019s dedicated solution for HR managed services, delivered by teams embedded within your organisation \u2013 either onsite, near-site or off-site.\" \/>\n<meta name=\"robots\" content=\"index, follow, max-snippet:-1, max-image-preview:large, max-video-preview:-1\" \/>\n<link rel=\"canonical\" href=\"https:\/\/sk.gigroup.com\/en\/for-companies\/onsite\/\" \/>\n<meta property=\"og:locale\" content=\"en_GB\" \/>\n<meta property=\"og:type\" content=\"article\" \/>\n<meta property=\"og:title\" content=\"ONSITE (Site managed services)\" \/>\n<meta property=\"og:description\" content=\"Onsite is Gi Group\u2019s dedicated solution for HR managed services, delivered by teams embedded within your organisation \u2013 either onsite, near-site or off-site.\" \/>\n<meta property=\"og:url\" content=\"https:\/\/sk.gigroup.com\/en\/for-companies\/onsite\/\" \/>\n<meta property=\"og:site_name\" content=\"Gi Group Slovakia\" \/>\n<meta property=\"article:modified_time\" content=\"2026-03-30T12:24:12+00:00\" \/>\n<meta property=\"og:image\" content=\"https:\/\/sk.gigroup.com\/wp-content\/uploads\/sites\/23\/visionary-hr-manager.webp\" \/>\n\t<meta property=\"og:image:width\" content=\"900\" \/>\n\t<meta property=\"og:image:height\" content=\"600\" \/>\n\t<meta property=\"og:image:type\" content=\"image\/webp\" \/>\n<meta name=\"twitter:card\" content=\"summary_large_image\" \/>\n<script type=\"application\/ld+json\" class=\"yoast-schema-graph\">{\"@context\":\"https:\\\/\\\/schema.org\",\"@graph\":[{\"@type\":\"WebPage\",\"@id\":\"https:\\\/\\\/sk.gigroup.com\\\/en\\\/for-companies\\\/onsite\\\/\",\"url\":\"https:\\\/\\\/sk.gigroup.com\\\/en\\\/for-companies\\\/onsite\\\/\",\"name\":\"Onsite. Dedicated solution for HR managed services - Gi Group Slovakia\",\"isPartOf\":{\"@id\":\"https:\\\/\\\/sk.gigroup.com\\\/#website\"},\"primaryImageOfPage\":{\"@id\":\"https:\\\/\\\/sk.gigroup.com\\\/en\\\/for-companies\\\/onsite\\\/#primaryimage\"},\"image\":{\"@id\":\"https:\\\/\\\/sk.gigroup.com\\\/en\\\/for-companies\\\/onsite\\\/#primaryimage\"},\"thumbnailUrl\":\"https:\\\/\\\/sk.gigroup.com\\\/wp-content\\\/uploads\\\/sites\\\/23\\\/visionary-hr-manager.webp\",\"datePublished\":\"2026-03-30T09:48:23+00:00\",\"dateModified\":\"2026-03-30T12:24:12+00:00\",\"description\":\"Onsite is Gi Group\u2019s dedicated solution for HR managed services, delivered by teams embedded within your organisation \u2013 either onsite, near-site or off-site.\",\"breadcrumb\":{\"@id\":\"https:\\\/\\\/sk.gigroup.com\\\/en\\\/for-companies\\\/onsite\\\/#breadcrumb\"},\"inLanguage\":\"en-GB\",\"potentialAction\":[{\"@type\":\"ReadAction\",\"target\":[\"https:\\\/\\\/sk.gigroup.com\\\/en\\\/for-companies\\\/onsite\\\/\"]}]},{\"@type\":\"ImageObject\",\"inLanguage\":\"en-GB\",\"@id\":\"https:\\\/\\\/sk.gigroup.com\\\/en\\\/for-companies\\\/onsite\\\/#primaryimage\",\"url\":\"https:\\\/\\\/sk.gigroup.com\\\/wp-content\\\/uploads\\\/sites\\\/23\\\/visionary-hr-manager.webp\",\"contentUrl\":\"https:\\\/\\\/sk.gigroup.com\\\/wp-content\\\/uploads\\\/sites\\\/23\\\/visionary-hr-manager.webp\",\"width\":900,\"height\":600,\"caption\":\"visionary hr manager\"},{\"@type\":\"BreadcrumbList\",\"@id\":\"https:\\\/\\\/sk.gigroup.com\\\/en\\\/for-companies\\\/onsite\\\/#breadcrumb\",\"itemListElement\":[{\"@type\":\"ListItem\",\"position\":1,\"name\":\"Home\",\"item\":\"https:\\\/\\\/sk.gigroup.com\\\/\"},{\"@type\":\"ListItem\",\"position\":2,\"name\":\"For Companies\",\"item\":\"https:\\\/\\\/sk.gigroup.com\\\/en\\\/for-companies\\\/\"},{\"@type\":\"ListItem\",\"position\":3,\"name\":\"ONSITE (Site managed services)\"}]},{\"@type\":\"WebSite\",\"@id\":\"https:\\\/\\\/sk.gigroup.com\\\/#website\",\"url\":\"https:\\\/\\\/sk.gigroup.com\\\/\",\"name\":\"Gi Group Slovakia\",\"description\":\"Rie\u0161enia do\u010dasn\u00e9ho aj trval\u00e9ho zamestn\u00e1vania pre firmy\",\"potentialAction\":[{\"@type\":\"SearchAction\",\"target\":{\"@type\":\"EntryPoint\",\"urlTemplate\":\"https:\\\/\\\/sk.gigroup.com\\\/?s={search_term_string}\"},\"query-input\":{\"@type\":\"PropertyValueSpecification\",\"valueRequired\":true,\"valueName\":\"search_term_string\"}}],\"inLanguage\":\"en-GB\"}]}<\/script>\n<!-- \/ Yoast SEO Premium plugin. -->","yoast_head_json":{"title":"Onsite. Dedicated solution for HR managed services - Gi Group Slovakia","description":"Onsite is Gi Group\u2019s dedicated solution for HR managed services, delivered by teams embedded within your organisation \u2013 either onsite, near-site or off-site.","robots":{"index":"index","follow":"follow","max-snippet":"max-snippet:-1","max-image-preview":"max-image-preview:large","max-video-preview":"max-video-preview:-1"},"canonical":"https:\/\/sk.gigroup.com\/en\/for-companies\/onsite\/","og_locale":"en_GB","og_type":"article","og_title":"ONSITE (Site managed services)","og_description":"Onsite is Gi Group\u2019s dedicated solution for HR managed services, delivered by teams embedded within your organisation \u2013 either onsite, near-site or off-site.","og_url":"https:\/\/sk.gigroup.com\/en\/for-companies\/onsite\/","og_site_name":"Gi Group Slovakia","article_modified_time":"2026-03-30T12:24:12+00:00","og_image":[{"width":900,"height":600,"url":"https:\/\/sk.gigroup.com\/wp-content\/uploads\/sites\/23\/visionary-hr-manager.webp","type":"image\/webp"}],"twitter_card":"summary_large_image","schema":{"@context":"https:\/\/schema.org","@graph":[{"@type":"WebPage","@id":"https:\/\/sk.gigroup.com\/en\/for-companies\/onsite\/","url":"https:\/\/sk.gigroup.com\/en\/for-companies\/onsite\/","name":"Onsite. Dedicated solution for HR managed services - Gi Group Slovakia","isPartOf":{"@id":"https:\/\/sk.gigroup.com\/#website"},"primaryImageOfPage":{"@id":"https:\/\/sk.gigroup.com\/en\/for-companies\/onsite\/#primaryimage"},"image":{"@id":"https:\/\/sk.gigroup.com\/en\/for-companies\/onsite\/#primaryimage"},"thumbnailUrl":"https:\/\/sk.gigroup.com\/wp-content\/uploads\/sites\/23\/visionary-hr-manager.webp","datePublished":"2026-03-30T09:48:23+00:00","dateModified":"2026-03-30T12:24:12+00:00","description":"Onsite is Gi Group\u2019s dedicated solution for HR managed services, delivered by teams embedded within your organisation \u2013 either onsite, near-site or off-site.","breadcrumb":{"@id":"https:\/\/sk.gigroup.com\/en\/for-companies\/onsite\/#breadcrumb"},"inLanguage":"en-GB","potentialAction":[{"@type":"ReadAction","target":["https:\/\/sk.gigroup.com\/en\/for-companies\/onsite\/"]}]},{"@type":"ImageObject","inLanguage":"en-GB","@id":"https:\/\/sk.gigroup.com\/en\/for-companies\/onsite\/#primaryimage","url":"https:\/\/sk.gigroup.com\/wp-content\/uploads\/sites\/23\/visionary-hr-manager.webp","contentUrl":"https:\/\/sk.gigroup.com\/wp-content\/uploads\/sites\/23\/visionary-hr-manager.webp","width":900,"height":600,"caption":"visionary hr manager"},{"@type":"BreadcrumbList","@id":"https:\/\/sk.gigroup.com\/en\/for-companies\/onsite\/#breadcrumb","itemListElement":[{"@type":"ListItem","position":1,"name":"Home","item":"https:\/\/sk.gigroup.com\/"},{"@type":"ListItem","position":2,"name":"For Companies","item":"https:\/\/sk.gigroup.com\/en\/for-companies\/"},{"@type":"ListItem","position":3,"name":"ONSITE (Site managed services)"}]},{"@type":"WebSite","@id":"https:\/\/sk.gigroup.com\/#website","url":"https:\/\/sk.gigroup.com\/","name":"Gi Group Slovakia","description":"Rie\u0161enia do\u010dasn\u00e9ho aj trval\u00e9ho zamestn\u00e1vania pre firmy","potentialAction":[{"@type":"SearchAction","target":{"@type":"EntryPoint","urlTemplate":"https:\/\/sk.gigroup.com\/?s={search_term_string}"},"query-input":{"@type":"PropertyValueSpecification","valueRequired":true,"valueName":"search_term_string"}}],"inLanguage":"en-GB"}]}},"_links":{"self":[{"href":"https:\/\/sk.gigroup.com\/en\/wp-json\/wp\/v2\/pages\/4805","targetHints":{"allow":["GET"]}}],"collection":[{"href":"https:\/\/sk.gigroup.com\/en\/wp-json\/wp\/v2\/pages"}],"about":[{"href":"https:\/\/sk.gigroup.com\/en\/wp-json\/wp\/v2\/types\/page"}],"author":[{"embeddable":true,"href":"https:\/\/sk.gigroup.com\/en\/wp-json\/wp\/v2\/users\/1"}],"replies":[{"embeddable":true,"href":"https:\/\/sk.gigroup.com\/en\/wp-json\/wp\/v2\/comments?post=4805"}],"version-history":[{"count":8,"href":"https:\/\/sk.gigroup.com\/en\/wp-json\/wp\/v2\/pages\/4805\/revisions"}],"predecessor-version":[{"id":5198,"href":"https:\/\/sk.gigroup.com\/en\/wp-json\/wp\/v2\/pages\/4805\/revisions\/5198"}],"up":[{"embeddable":true,"href":"https:\/\/sk.gigroup.com\/en\/wp-json\/wp\/v2\/pages\/4308"}],"wp:featuredmedia":[{"embeddable":true,"href":"https:\/\/sk.gigroup.com\/en\/wp-json\/wp\/v2\/media\/4684"}],"wp:attachment":[{"href":"https:\/\/sk.gigroup.com\/en\/wp-json\/wp\/v2\/media?parent=4805"}],"curies":[{"name":"wp","href":"https:\/\/api.w.org\/{rel}","templated":true}]}}