{"id":5279,"date":"2026-02-05T14:52:27","date_gmt":"2026-02-05T13:52:27","guid":{"rendered":"https:\/\/sk.gigroup.com\/for-companies\/payroll-outsourcing-and-payroll-processing\/"},"modified":"2026-03-31T00:11:18","modified_gmt":"2026-03-30T22:11:18","slug":"payroll-outsourcing-and-payroll-processing","status":"publish","type":"page","link":"https:\/\/sk.gigroup.com\/en\/for-companies\/payroll-outsourcing-and-payroll-processing\/","title":{"rendered":"Payroll Outsourcing and Payroll Processing"},"content":{"rendered":"","protected":false},"excerpt":{"rendered":"","protected":false},"author":55,"featured_media":0,"parent":4308,"menu_order":0,"comment_status":"closed","ping_status":"closed","template":"","meta":{"footnotes":""},"class_list":["post-5279","page","type-page","status-publish","hentry"],"yoast_head":"<!-- This site is optimized with the Yoast SEO Premium plugin v27.4 (Yoast SEO v27.4) - https:\/\/yoast.com\/product\/yoast-seo-premium-wordpress\/ -->\n<title>Payroll Outsourcing a spracovanie miezd - Gi Group Slovakia<\/title>\n<meta name=\"description\" content=\"Potrebujete operat\u00edvne posilni\u0165 t\u00edm, pokry\u0165 v\u00fdpadok zamestnancov alebo zvl\u00e1dnu\u0165 ve\u013ekoobjemov\u00fd n\u00e1bor desiatok a\u017e stoviek pracovn\u00edkov?\" \/>\n<meta name=\"robots\" content=\"index, follow, max-snippet:-1, max-image-preview:large, max-video-preview:-1\" \/>\n<link rel=\"canonical\" href=\"https:\/\/sk.gigroup.com\/zamestnavatelia\/payroll-outsourcing-spracovanie-miezd\/\" \/>\n<meta property=\"og:locale\" content=\"en_GB\" \/>\n<meta property=\"og:type\" content=\"article\" \/>\n<meta property=\"og:title\" content=\"Payroll Outsourcing and Payroll Processing\" \/>\n<meta property=\"og:description\" content=\"Potrebujete operat\u00edvne posilni\u0165 t\u00edm, pokry\u0165 v\u00fdpadok zamestnancov alebo zvl\u00e1dnu\u0165 ve\u013ekoobjemov\u00fd n\u00e1bor desiatok a\u017e stoviek pracovn\u00edkov?\" \/>\n<meta property=\"og:url\" content=\"https:\/\/sk.gigroup.com\/zamestnavatelia\/payroll-outsourcing-spracovanie-miezd\/\" \/>\n<meta property=\"og:site_name\" content=\"Gi Group Slovakia\" \/>\n<meta property=\"article:modified_time\" content=\"2026-03-30T22:11:18+00:00\" \/>\n<meta name=\"twitter:card\" content=\"summary_large_image\" \/>\n<script type=\"application\/ld+json\" class=\"yoast-schema-graph\">{\"@context\":\"https:\\\/\\\/schema.org\",\"@graph\":[{\"@type\":\"WebPage\",\"@id\":\"https:\\\/\\\/sk.gigroup.com\\\/zamestnavatelia\\\/payroll-outsourcing-spracovanie-miezd\\\/\",\"url\":\"https:\\\/\\\/sk.gigroup.com\\\/zamestnavatelia\\\/payroll-outsourcing-spracovanie-miezd\\\/\",\"name\":\"Payroll Outsourcing a spracovanie miezd - Gi Group Slovakia\",\"isPartOf\":{\"@id\":\"https:\\\/\\\/sk.gigroup.com\\\/#website\"},\"datePublished\":\"2026-02-05T13:52:27+00:00\",\"dateModified\":\"2026-03-30T22:11:18+00:00\",\"description\":\"Potrebujete operat\u00edvne posilni\u0165 t\u00edm, pokry\u0165 v\u00fdpadok zamestnancov alebo zvl\u00e1dnu\u0165 ve\u013ekoobjemov\u00fd n\u00e1bor desiatok a\u017e stoviek pracovn\u00edkov?\",\"breadcrumb\":{\"@id\":\"https:\\\/\\\/sk.gigroup.com\\\/zamestnavatelia\\\/payroll-outsourcing-spracovanie-miezd\\\/#breadcrumb\"},\"inLanguage\":\"en-GB\",\"potentialAction\":[{\"@type\":\"ReadAction\",\"target\":[\"https:\\\/\\\/sk.gigroup.com\\\/zamestnavatelia\\\/payroll-outsourcing-spracovanie-miezd\\\/\"]}]},{\"@type\":\"BreadcrumbList\",\"@id\":\"https:\\\/\\\/sk.gigroup.com\\\/zamestnavatelia\\\/payroll-outsourcing-spracovanie-miezd\\\/#breadcrumb\",\"itemListElement\":[{\"@type\":\"ListItem\",\"position\":1,\"name\":\"Home\",\"item\":\"https:\\\/\\\/sk.gigroup.com\\\/\"},{\"@type\":\"ListItem\",\"position\":2,\"name\":\"For Companies\",\"item\":\"https:\\\/\\\/sk.gigroup.com\\\/en\\\/for-companies\\\/\"},{\"@type\":\"ListItem\",\"position\":3,\"name\":\"Payroll Outsourcing and Payroll Processing\"}]},{\"@type\":\"WebSite\",\"@id\":\"https:\\\/\\\/sk.gigroup.com\\\/#website\",\"url\":\"https:\\\/\\\/sk.gigroup.com\\\/\",\"name\":\"Gi Group Slovakia\",\"description\":\"Rie\u0161enia do\u010dasn\u00e9ho aj trval\u00e9ho zamestn\u00e1vania pre firmy\",\"potentialAction\":[{\"@type\":\"SearchAction\",\"target\":{\"@type\":\"EntryPoint\",\"urlTemplate\":\"https:\\\/\\\/sk.gigroup.com\\\/?s={search_term_string}\"},\"query-input\":{\"@type\":\"PropertyValueSpecification\",\"valueRequired\":true,\"valueName\":\"search_term_string\"}}],\"inLanguage\":\"en-GB\"}]}<\/script>\n<!-- \/ Yoast SEO Premium plugin. -->","yoast_head_json":{"title":"Payroll Outsourcing a spracovanie miezd - Gi Group Slovakia","description":"Potrebujete operat\u00edvne posilni\u0165 t\u00edm, pokry\u0165 v\u00fdpadok zamestnancov alebo zvl\u00e1dnu\u0165 ve\u013ekoobjemov\u00fd n\u00e1bor desiatok a\u017e stoviek pracovn\u00edkov?","robots":{"index":"index","follow":"follow","max-snippet":"max-snippet:-1","max-image-preview":"max-image-preview:large","max-video-preview":"max-video-preview:-1"},"canonical":"https:\/\/sk.gigroup.com\/zamestnavatelia\/payroll-outsourcing-spracovanie-miezd\/","og_locale":"en_GB","og_type":"article","og_title":"Payroll Outsourcing and Payroll Processing","og_description":"Potrebujete operat\u00edvne posilni\u0165 t\u00edm, pokry\u0165 v\u00fdpadok zamestnancov alebo zvl\u00e1dnu\u0165 ve\u013ekoobjemov\u00fd n\u00e1bor desiatok a\u017e stoviek pracovn\u00edkov?","og_url":"https:\/\/sk.gigroup.com\/zamestnavatelia\/payroll-outsourcing-spracovanie-miezd\/","og_site_name":"Gi Group Slovakia","article_modified_time":"2026-03-30T22:11:18+00:00","twitter_card":"summary_large_image","schema":{"@context":"https:\/\/schema.org","@graph":[{"@type":"WebPage","@id":"https:\/\/sk.gigroup.com\/zamestnavatelia\/payroll-outsourcing-spracovanie-miezd\/","url":"https:\/\/sk.gigroup.com\/zamestnavatelia\/payroll-outsourcing-spracovanie-miezd\/","name":"Payroll Outsourcing a spracovanie miezd - Gi Group Slovakia","isPartOf":{"@id":"https:\/\/sk.gigroup.com\/#website"},"datePublished":"2026-02-05T13:52:27+00:00","dateModified":"2026-03-30T22:11:18+00:00","description":"Potrebujete operat\u00edvne posilni\u0165 t\u00edm, pokry\u0165 v\u00fdpadok zamestnancov alebo zvl\u00e1dnu\u0165 ve\u013ekoobjemov\u00fd n\u00e1bor desiatok a\u017e stoviek pracovn\u00edkov?","breadcrumb":{"@id":"https:\/\/sk.gigroup.com\/zamestnavatelia\/payroll-outsourcing-spracovanie-miezd\/#breadcrumb"},"inLanguage":"en-GB","potentialAction":[{"@type":"ReadAction","target":["https:\/\/sk.gigroup.com\/zamestnavatelia\/payroll-outsourcing-spracovanie-miezd\/"]}]},{"@type":"BreadcrumbList","@id":"https:\/\/sk.gigroup.com\/zamestnavatelia\/payroll-outsourcing-spracovanie-miezd\/#breadcrumb","itemListElement":[{"@type":"ListItem","position":1,"name":"Home","item":"https:\/\/sk.gigroup.com\/"},{"@type":"ListItem","position":2,"name":"For Companies","item":"https:\/\/sk.gigroup.com\/en\/for-companies\/"},{"@type":"ListItem","position":3,"name":"Payroll Outsourcing and Payroll Processing"}]},{"@type":"WebSite","@id":"https:\/\/sk.gigroup.com\/#website","url":"https:\/\/sk.gigroup.com\/","name":"Gi Group Slovakia","description":"Rie\u0161enia do\u010dasn\u00e9ho aj trval\u00e9ho zamestn\u00e1vania pre firmy","potentialAction":[{"@type":"SearchAction","target":{"@type":"EntryPoint","urlTemplate":"https:\/\/sk.gigroup.com\/?s={search_term_string}"},"query-input":{"@type":"PropertyValueSpecification","valueRequired":true,"valueName":"search_term_string"}}],"inLanguage":"en-GB"}]}},"_links":{"self":[{"href":"https:\/\/sk.gigroup.com\/en\/wp-json\/wp\/v2\/pages\/5279","targetHints":{"allow":["GET"]}}],"collection":[{"href":"https:\/\/sk.gigroup.com\/en\/wp-json\/wp\/v2\/pages"}],"about":[{"href":"https:\/\/sk.gigroup.com\/en\/wp-json\/wp\/v2\/types\/page"}],"author":[{"embeddable":true,"href":"https:\/\/sk.gigroup.com\/en\/wp-json\/wp\/v2\/users\/55"}],"replies":[{"embeddable":true,"href":"https:\/\/sk.gigroup.com\/en\/wp-json\/wp\/v2\/comments?post=5279"}],"version-history":[{"count":1,"href":"https:\/\/sk.gigroup.com\/en\/wp-json\/wp\/v2\/pages\/5279\/revisions"}],"predecessor-version":[{"id":5280,"href":"https:\/\/sk.gigroup.com\/en\/wp-json\/wp\/v2\/pages\/5279\/revisions\/5280"}],"up":[{"embeddable":true,"href":"https:\/\/sk.gigroup.com\/en\/wp-json\/wp\/v2\/pages\/4308"}],"wp:attachment":[{"href":"https:\/\/sk.gigroup.com\/en\/wp-json\/wp\/v2\/media?parent=5279"}],"curies":[{"name":"wp","href":"https:\/\/api.w.org\/{rel}","templated":true}]}}