{"id":5286,"date":"2026-03-31T00:17:58","date_gmt":"2026-03-30T22:17:58","guid":{"rendered":"https:\/\/sk.gigroup.com\/for-companies\/transfer-of-permanent-employees\/"},"modified":"2026-03-31T00:23:37","modified_gmt":"2026-03-30T22:23:37","slug":"transfer-of-permanent-employees","status":"publish","type":"page","link":"https:\/\/sk.gigroup.com\/en\/for-companies\/transfer-of-permanent-employees\/","title":{"rendered":"Transfer of Permanent Employees"},"content":{"rendered":"","protected":false},"excerpt":{"rendered":"","protected":false},"author":59,"featured_media":0,"parent":4308,"menu_order":0,"comment_status":"closed","ping_status":"closed","template":"","meta":{"footnotes":""},"class_list":["post-5286","page","type-page","status-publish","hentry"],"yoast_head":"<!-- This site is optimized with the Yoast SEO Premium plugin v27.4 (Yoast SEO v27.4) - https:\/\/yoast.com\/product\/yoast-seo-premium-wordpress\/ -->\n<title>Transfer of Permanent Employees - Gi Group Slovakia<\/title>\n<meta name=\"robots\" content=\"index, follow, max-snippet:-1, max-image-preview:large, max-video-preview:-1\" \/>\n<link rel=\"canonical\" href=\"https:\/\/sk.gigroup.com\/zamestnavatelia\/prevzatie-kmenovych-zamestnancov-klienta\/\" \/>\n<meta property=\"og:locale\" content=\"en_GB\" \/>\n<meta property=\"og:type\" content=\"article\" \/>\n<meta property=\"og:title\" content=\"Transfer of Permanent Employees\" \/>\n<meta property=\"og:url\" content=\"https:\/\/sk.gigroup.com\/zamestnavatelia\/prevzatie-kmenovych-zamestnancov-klienta\/\" \/>\n<meta property=\"og:site_name\" content=\"Gi Group Slovakia\" \/>\n<meta property=\"article:modified_time\" content=\"2026-03-30T22:23:37+00:00\" \/>\n<meta name=\"twitter:card\" content=\"summary_large_image\" \/>\n<script type=\"application\/ld+json\" class=\"yoast-schema-graph\">{\"@context\":\"https:\\\/\\\/schema.org\",\"@graph\":[{\"@type\":\"WebPage\",\"@id\":\"https:\\\/\\\/sk.gigroup.com\\\/zamestnavatelia\\\/prevzatie-kmenovych-zamestnancov-klienta\\\/\",\"url\":\"https:\\\/\\\/sk.gigroup.com\\\/zamestnavatelia\\\/prevzatie-kmenovych-zamestnancov-klienta\\\/\",\"name\":\"Transfer of Permanent Employees - Gi Group Slovakia\",\"isPartOf\":{\"@id\":\"https:\\\/\\\/sk.gigroup.com\\\/#website\"},\"datePublished\":\"2026-03-30T22:17:58+00:00\",\"dateModified\":\"2026-03-30T22:23:37+00:00\",\"breadcrumb\":{\"@id\":\"https:\\\/\\\/sk.gigroup.com\\\/zamestnavatelia\\\/prevzatie-kmenovych-zamestnancov-klienta\\\/#breadcrumb\"},\"inLanguage\":\"en-GB\",\"potentialAction\":[{\"@type\":\"ReadAction\",\"target\":[\"https:\\\/\\\/sk.gigroup.com\\\/zamestnavatelia\\\/prevzatie-kmenovych-zamestnancov-klienta\\\/\"]}]},{\"@type\":\"BreadcrumbList\",\"@id\":\"https:\\\/\\\/sk.gigroup.com\\\/zamestnavatelia\\\/prevzatie-kmenovych-zamestnancov-klienta\\\/#breadcrumb\",\"itemListElement\":[{\"@type\":\"ListItem\",\"position\":1,\"name\":\"Home\",\"item\":\"https:\\\/\\\/sk.gigroup.com\\\/\"},{\"@type\":\"ListItem\",\"position\":2,\"name\":\"For Companies\",\"item\":\"https:\\\/\\\/sk.gigroup.com\\\/en\\\/for-companies\\\/\"},{\"@type\":\"ListItem\",\"position\":3,\"name\":\"Transfer of Permanent Employees\"}]},{\"@type\":\"WebSite\",\"@id\":\"https:\\\/\\\/sk.gigroup.com\\\/#website\",\"url\":\"https:\\\/\\\/sk.gigroup.com\\\/\",\"name\":\"Gi Group Slovakia\",\"description\":\"Rie\u0161enia do\u010dasn\u00e9ho aj trval\u00e9ho zamestn\u00e1vania pre firmy\",\"potentialAction\":[{\"@type\":\"SearchAction\",\"target\":{\"@type\":\"EntryPoint\",\"urlTemplate\":\"https:\\\/\\\/sk.gigroup.com\\\/?s={search_term_string}\"},\"query-input\":{\"@type\":\"PropertyValueSpecification\",\"valueRequired\":true,\"valueName\":\"search_term_string\"}}],\"inLanguage\":\"en-GB\"}]}<\/script>\n<!-- \/ Yoast SEO Premium plugin. -->","yoast_head_json":{"title":"Transfer of Permanent Employees - Gi Group Slovakia","robots":{"index":"index","follow":"follow","max-snippet":"max-snippet:-1","max-image-preview":"max-image-preview:large","max-video-preview":"max-video-preview:-1"},"canonical":"https:\/\/sk.gigroup.com\/zamestnavatelia\/prevzatie-kmenovych-zamestnancov-klienta\/","og_locale":"en_GB","og_type":"article","og_title":"Transfer of Permanent Employees","og_url":"https:\/\/sk.gigroup.com\/zamestnavatelia\/prevzatie-kmenovych-zamestnancov-klienta\/","og_site_name":"Gi Group Slovakia","article_modified_time":"2026-03-30T22:23:37+00:00","twitter_card":"summary_large_image","schema":{"@context":"https:\/\/schema.org","@graph":[{"@type":"WebPage","@id":"https:\/\/sk.gigroup.com\/zamestnavatelia\/prevzatie-kmenovych-zamestnancov-klienta\/","url":"https:\/\/sk.gigroup.com\/zamestnavatelia\/prevzatie-kmenovych-zamestnancov-klienta\/","name":"Transfer of Permanent Employees - Gi Group Slovakia","isPartOf":{"@id":"https:\/\/sk.gigroup.com\/#website"},"datePublished":"2026-03-30T22:17:58+00:00","dateModified":"2026-03-30T22:23:37+00:00","breadcrumb":{"@id":"https:\/\/sk.gigroup.com\/zamestnavatelia\/prevzatie-kmenovych-zamestnancov-klienta\/#breadcrumb"},"inLanguage":"en-GB","potentialAction":[{"@type":"ReadAction","target":["https:\/\/sk.gigroup.com\/zamestnavatelia\/prevzatie-kmenovych-zamestnancov-klienta\/"]}]},{"@type":"BreadcrumbList","@id":"https:\/\/sk.gigroup.com\/zamestnavatelia\/prevzatie-kmenovych-zamestnancov-klienta\/#breadcrumb","itemListElement":[{"@type":"ListItem","position":1,"name":"Home","item":"https:\/\/sk.gigroup.com\/"},{"@type":"ListItem","position":2,"name":"For Companies","item":"https:\/\/sk.gigroup.com\/en\/for-companies\/"},{"@type":"ListItem","position":3,"name":"Transfer of Permanent Employees"}]},{"@type":"WebSite","@id":"https:\/\/sk.gigroup.com\/#website","url":"https:\/\/sk.gigroup.com\/","name":"Gi Group Slovakia","description":"Rie\u0161enia do\u010dasn\u00e9ho aj trval\u00e9ho zamestn\u00e1vania pre firmy","potentialAction":[{"@type":"SearchAction","target":{"@type":"EntryPoint","urlTemplate":"https:\/\/sk.gigroup.com\/?s={search_term_string}"},"query-input":{"@type":"PropertyValueSpecification","valueRequired":true,"valueName":"search_term_string"}}],"inLanguage":"en-GB"}]}},"_links":{"self":[{"href":"https:\/\/sk.gigroup.com\/en\/wp-json\/wp\/v2\/pages\/5286","targetHints":{"allow":["GET"]}}],"collection":[{"href":"https:\/\/sk.gigroup.com\/en\/wp-json\/wp\/v2\/pages"}],"about":[{"href":"https:\/\/sk.gigroup.com\/en\/wp-json\/wp\/v2\/types\/page"}],"author":[{"embeddable":true,"href":"https:\/\/sk.gigroup.com\/en\/wp-json\/wp\/v2\/users\/59"}],"replies":[{"embeddable":true,"href":"https:\/\/sk.gigroup.com\/en\/wp-json\/wp\/v2\/comments?post=5286"}],"version-history":[{"count":1,"href":"https:\/\/sk.gigroup.com\/en\/wp-json\/wp\/v2\/pages\/5286\/revisions"}],"predecessor-version":[{"id":5287,"href":"https:\/\/sk.gigroup.com\/en\/wp-json\/wp\/v2\/pages\/5286\/revisions\/5287"}],"up":[{"embeddable":true,"href":"https:\/\/sk.gigroup.com\/en\/wp-json\/wp\/v2\/pages\/4308"}],"wp:attachment":[{"href":"https:\/\/sk.gigroup.com\/en\/wp-json\/wp\/v2\/media?parent=5286"}],"curies":[{"name":"wp","href":"https:\/\/api.w.org\/{rel}","templated":true}]}}